{"id":1196,"date":"2025-04-13T20:30:40","date_gmt":"2025-04-13T18:30:40","guid":{"rendered":"https:\/\/www.phuket-thai-massage.com\/?page_id=1196"},"modified":"2025-04-13T21:58:01","modified_gmt":"2025-04-13T19:58:01","slug":"tarif","status":"publish","type":"page","link":"https:\/\/www.phuket-thai-massage.com\/?page_id=1196","title":{"rendered":"Tarif"},"content":{"rendered":"\t\t<div data-elementor-type=\"wp-page\" data-elementor-id=\"1196\" class=\"elementor elementor-1196\">\n\t\t\t\t<div class=\"elementor-element elementor-element-5a2d56b e-con-full e-flex e-con e-parent\" data-id=\"5a2d56b\" data-element_type=\"container\">\n\t\t<div class=\"elementor-element elementor-element-09dc0cd e-con-full e-flex e-con e-child\" data-id=\"09dc0cd\" data-element_type=\"container\">\n\t\t\t\t<div class=\"elementor-element elementor-element-bd85ceb elementor-widget elementor-widget-heading\" data-id=\"bd85ceb\" data-element_type=\"widget\" data-widget_type=\"heading.default\">\n\t\t\t\t<div class=\"elementor-widget-container\">\n\t\t\t\t\t<h2 class=\"elementor-heading-title elementor-size-default\">Nos Massages<\/h2>\t\t\t\t<\/div>\n\t\t\t\t<\/div>\n\t\t\t\t<\/div>\n\t\t\t\t<div class=\"elementor-element elementor-element-0d7eb0b elementor-widget__width-initial elementor-widget elementor-widget-heading\" data-id=\"0d7eb0b\" data-element_type=\"widget\" data-widget_type=\"heading.default\">\n\t\t\t\t<div class=\"elementor-widget-container\">\n\t\t\t\t\t<h2 class=\"elementor-heading-title elementor-size-default\">Dur\u00e9e<\/h2>\t\t\t\t<\/div>\n\t\t\t\t<\/div>\n\t\t\t\t<div class=\"elementor-element elementor-element-9e1d143 elementor-widget__width-initial elementor-widget elementor-widget-heading\" data-id=\"9e1d143\" data-element_type=\"widget\" data-widget_type=\"heading.default\">\n\t\t\t\t<div class=\"elementor-widget-container\">\n\t\t\t\t\t<h2 class=\"elementor-heading-title elementor-size-default\">Solo<\/h2>\t\t\t\t<\/div>\n\t\t\t\t<\/div>\n\t\t\t\t<div class=\"elementor-element elementor-element-d9f2ee6 elementor-widget__width-initial elementor-widget elementor-widget-heading\" data-id=\"d9f2ee6\" data-element_type=\"widget\" data-widget_type=\"heading.default\">\n\t\t\t\t<div class=\"elementor-widget-container\">\n\t\t\t\t\t<h2 class=\"elementor-heading-title elementor-size-default\">Duo<\/h2>\t\t\t\t<\/div>\n\t\t\t\t<\/div>\n\t\t\t\t<\/div>\n\t\t<div class=\"elementor-element elementor-element-c6b05f2 e-flex e-con-boxed e-con e-parent\" data-id=\"c6b05f2\" data-element_type=\"container\">\n\t\t\t\t\t<div class=\"e-con-inner\">\n\t\t<div class=\"elementor-element elementor-element-3a5712e e-con-full e-flex e-con e-child\" data-id=\"3a5712e\" data-element_type=\"container\">\n\t\t<div class=\"elementor-element elementor-element-012de3a e-con-full e-flex e-con e-child\" data-id=\"012de3a\" data-element_type=\"container\">\n\t\t\t\t<div class=\"elementor-element elementor-element-8edd2c2 elementor-widget elementor-widget-heading\" data-id=\"8edd2c2\" data-element_type=\"widget\" data-widget_type=\"heading.default\">\n\t\t\t\t<div class=\"elementor-widget-container\">\n\t\t\t\t\t<h2 class=\"elementor-heading-title elementor-size-default\">Massage Traditionnel tha\u00eflandais<\/h2>\t\t\t\t<\/div>\n\t\t\t\t<\/div>\n\t\t\t\t<div class=\"elementor-element elementor-element-744989f elementor-widget elementor-widget-text-editor\" data-id=\"744989f\" data-element_type=\"widget\" data-widget_type=\"text-editor.default\">\n\t\t\t\t<div class=\"elementor-widget-container\">\n\t\t\t\t\t\t\t\t\t<p class=\"p1\">Un massage re\u00e7u en tenue traditionnelle tha\u00eflandaise, sur futon au sol. Il associe massages, \u00e9tirements et pressions cibl\u00e9es.<\/p>\t\t\t\t\t\t\t\t<\/div>\n\t\t\t\t<\/div>\n\t\t\t\t<\/div>\n\t\t<div class=\"elementor-element elementor-element-745224d e-con-full e-flex e-con e-child\" data-id=\"745224d\" data-element_type=\"container\">\n\t\t\t\t<div class=\"elementor-element elementor-element-70a848b elementor-widget elementor-widget-heading\" data-id=\"70a848b\" data-element_type=\"widget\" data-widget_type=\"heading.default\">\n\t\t\t\t<div class=\"elementor-widget-container\">\n\t\t\t\t\t<h2 class=\"elementor-heading-title elementor-size-default\">Massage aux huiles chaudes<\/h2>\t\t\t\t<\/div>\n\t\t\t\t<\/div>\n\t\t\t\t<div class=\"elementor-element elementor-element-c178858 elementor-widget elementor-widget-text-editor\" data-id=\"c178858\" data-element_type=\"widget\" data-widget_type=\"text-editor.default\">\n\t\t\t\t<div class=\"elementor-widget-container\">\n\t\t\t\t\t\t\t\t\t<p class=\"p1\">Votre corps est doucement mass\u00e9 avec une huile naturelle, sans parfum ou au choix parmi une vari\u00e9t\u00e9 d\u2019huiles.<\/p>\t\t\t\t\t\t\t\t<\/div>\n\t\t\t\t<\/div>\n\t\t\t\t<\/div>\n\t\t<div class=\"elementor-element elementor-element-fb85524 e-con-full e-flex e-con e-child\" data-id=\"fb85524\" data-element_type=\"container\">\n\t\t\t\t<div class=\"elementor-element elementor-element-2f969cd elementor-widget elementor-widget-heading\" data-id=\"2f969cd\" data-element_type=\"widget\" data-widget_type=\"heading.default\">\n\t\t\t\t<div class=\"elementor-widget-container\">\n\t\t\t\t\t<h2 class=\"elementor-heading-title elementor-size-default\">Massage Mixte<\/h2>\t\t\t\t<\/div>\n\t\t\t\t<\/div>\n\t\t\t\t<div class=\"elementor-element elementor-element-f2000e4 elementor-widget elementor-widget-text-editor\" data-id=\"f2000e4\" data-element_type=\"widget\" data-widget_type=\"text-editor.default\">\n\t\t\t\t<div class=\"elementor-widget-container\">\n\t\t\t\t\t\t\t\t\t<p class=\"p1\">Sans doute le pr\u00e9f\u00e9r\u00e9, il mixte le massage traditionnel et le massage \u00e0 l\u2019huile.<\/p>\t\t\t\t\t\t\t\t<\/div>\n\t\t\t\t<\/div>\n\t\t\t\t<\/div>\n\t\t\t\t<\/div>\n\t\t<div class=\"elementor-element elementor-element-97018f0 e-con-full e-flex e-con e-child\" data-id=\"97018f0\" data-element_type=\"container\">\n\t\t<div class=\"elementor-element elementor-element-8eb2df7 e-grid e-con-full e-con e-child\" data-id=\"8eb2df7\" data-element_type=\"container\">\n\t\t\t\t<div class=\"elementor-element elementor-element-0683e1f elementor-widget elementor-widget-text-editor\" data-id=\"0683e1f\" data-element_type=\"widget\" data-widget_type=\"text-editor.default\">\n\t\t\t\t<div class=\"elementor-widget-container\">\n\t\t\t\t\t\t\t\t\t<h3>1h<\/h3><h3>1h30<\/h3><h3>2h00<\/h3>\t\t\t\t\t\t\t\t<\/div>\n\t\t\t\t<\/div>\n\t\t\t\t<div class=\"elementor-element elementor-element-f771a12 elementor-widget elementor-widget-text-editor\" data-id=\"f771a12\" data-element_type=\"widget\" data-widget_type=\"text-editor.default\">\n\t\t\t\t<div class=\"elementor-widget-container\">\n\t\t\t\t\t\t\t\t\t<h3>70 \u20ac<\/h3><h3>100 \u20ac<\/h3><h3>125 \u20ac<\/h3>\t\t\t\t\t\t\t\t<\/div>\n\t\t\t\t<\/div>\n\t\t\t\t<div class=\"elementor-element elementor-element-1910ed2 elementor-widget elementor-widget-text-editor\" data-id=\"1910ed2\" data-element_type=\"widget\" data-widget_type=\"text-editor.default\">\n\t\t\t\t<div class=\"elementor-widget-container\">\n\t\t\t\t\t\t\t\t\t<h3>125 \u20ac<\/h3><h3>160 \u20ac<\/h3><h3>220 \u20ac<\/h3>\t\t\t\t\t\t\t\t<\/div>\n\t\t\t\t<\/div>\n\t\t\t\t<\/div>\n\t\t\t\t<\/div>\n\t\t\t\t\t<\/div>\n\t\t\t\t<\/div>\n\t\t<div class=\"elementor-element elementor-element-ac5c9dc e-flex e-con-boxed e-con e-parent\" data-id=\"ac5c9dc\" data-element_type=\"container\">\n\t\t\t\t\t<div class=\"e-con-inner\">\n\t\t<div class=\"elementor-element elementor-element-f27dcec e-con-full e-flex e-con e-child\" data-id=\"f27dcec\" data-element_type=\"container\">\n\t\t\t\t<div class=\"elementor-element elementor-element-804ed1b elementor-widget elementor-widget-heading\" data-id=\"804ed1b\" data-element_type=\"widget\" data-widget_type=\"heading.default\">\n\t\t\t\t<div class=\"elementor-widget-container\">\n\t\t\t\t\t<h2 class=\"elementor-heading-title elementor-size-default\">Massage aux pochons d\u2019herbes<\/h2>\t\t\t\t<\/div>\n\t\t\t\t<\/div>\n\t\t\t\t<div class=\"elementor-element elementor-element-c172b96 elementor-widget elementor-widget-text-editor\" data-id=\"c172b96\" data-element_type=\"widget\" data-widget_type=\"text-editor.default\">\n\t\t\t\t<div class=\"elementor-widget-container\">\n\t\t\t\t\t\t\t\t\t<p class=\"p1\">Un autre massage traditionnel Tha\u00ef, alliant la chaleur et le bien fait des herbes contenues dans les pochons, \u00e0 un massage \u00e0 l\u2019huile.<\/p>\t\t\t\t\t\t\t\t<\/div>\n\t\t\t\t<\/div>\n\t\t\t\t<\/div>\n\t\t<div class=\"elementor-element elementor-element-344d30e e-con-full e-flex e-con e-child\" data-id=\"344d30e\" data-element_type=\"container\">\n\t\t\t\t<div class=\"elementor-element elementor-element-7ef3751 elementor-widget elementor-widget-text-editor\" data-id=\"7ef3751\" data-element_type=\"widget\" data-widget_type=\"text-editor.default\">\n\t\t\t\t<div class=\"elementor-widget-container\">\n\t\t\t\t\t\t\t\t\t<h4>1h30<br \/>2h00<\/h4>\t\t\t\t\t\t\t\t<\/div>\n\t\t\t\t<\/div>\n\t\t\t\t<\/div>\n\t\t<div class=\"elementor-element elementor-element-b0399ff e-con-full e-flex e-con e-child\" data-id=\"b0399ff\" data-element_type=\"container\">\n\t\t\t\t<div class=\"elementor-element elementor-element-3f482de elementor-widget elementor-widget-text-editor\" data-id=\"3f482de\" data-element_type=\"widget\" data-widget_type=\"text-editor.default\">\n\t\t\t\t<div class=\"elementor-widget-container\">\n\t\t\t\t\t\t\t\t\t<h4>115 \u20ac<br \/>150 \u20ac<\/h4>\t\t\t\t\t\t\t\t<\/div>\n\t\t\t\t<\/div>\n\t\t\t\t<\/div>\n\t\t<div class=\"elementor-element elementor-element-258dc75 e-con-full e-flex e-con e-child\" data-id=\"258dc75\" data-element_type=\"container\">\n\t\t\t\t<div class=\"elementor-element elementor-element-729b7ad elementor-widget elementor-widget-text-editor\" data-id=\"729b7ad\" data-element_type=\"widget\" data-widget_type=\"text-editor.default\">\n\t\t\t\t<div class=\"elementor-widget-container\">\n\t\t\t\t\t\t\t\t\t<h4>225 \u20ac<br \/>280 \u20ac<\/h4>\t\t\t\t\t\t\t\t<\/div>\n\t\t\t\t<\/div>\n\t\t\t\t<\/div>\n\t\t\t\t\t<\/div>\n\t\t\t\t<\/div>\n\t\t<div class=\"elementor-element elementor-element-4ec0bca e-flex e-con-boxed e-con e-parent\" data-id=\"4ec0bca\" data-element_type=\"container\">\n\t\t\t\t\t<div class=\"e-con-inner\">\n\t\t<div class=\"elementor-element elementor-element-90909de e-con-full e-flex e-con e-child\" data-id=\"90909de\" data-element_type=\"container\">\n\t\t\t\t<div class=\"elementor-element elementor-element-856a4cb elementor-widget elementor-widget-heading\" data-id=\"856a4cb\" data-element_type=\"widget\" data-widget_type=\"heading.default\">\n\t\t\t\t<div class=\"elementor-widget-container\">\n\t\t\t\t\t<h2 class=\"elementor-heading-title elementor-size-default\">Massage t\u00eate, cou et \u00e9paules<\/h2>\t\t\t\t<\/div>\n\t\t\t\t<\/div>\n\t\t\t\t<div class=\"elementor-element elementor-element-574be28 elementor-widget elementor-widget-text-editor\" data-id=\"574be28\" data-element_type=\"widget\" data-widget_type=\"text-editor.default\">\n\t\t\t\t<div class=\"elementor-widget-container\">\n\t\t\t\t\t\t\t\t\t<p class=\"p1\">Ce massage de la t\u00eate aux \u00e9paules se concentre sur les zones de tensions accumul\u00e9es par des poses statiques ou de fortes activit\u00e9s.<\/p>\t\t\t\t\t\t\t\t<\/div>\n\t\t\t\t<\/div>\n\t\t\t\t<\/div>\n\t\t<div class=\"elementor-element elementor-element-5972cd1 e-con-full e-flex e-con e-child\" data-id=\"5972cd1\" data-element_type=\"container\">\n\t\t\t\t<div class=\"elementor-element elementor-element-26b9a45 elementor-widget elementor-widget-text-editor\" data-id=\"26b9a45\" data-element_type=\"widget\" data-widget_type=\"text-editor.default\">\n\t\t\t\t<div class=\"elementor-widget-container\">\n\t\t\t\t\t\t\t\t\t<h4>1h<\/h4>\t\t\t\t\t\t\t\t<\/div>\n\t\t\t\t<\/div>\n\t\t\t\t<\/div>\n\t\t<div class=\"elementor-element elementor-element-6f0a0e2 e-con-full e-flex e-con e-child\" data-id=\"6f0a0e2\" data-element_type=\"container\">\n\t\t\t\t<div class=\"elementor-element elementor-element-8330779 elementor-widget elementor-widget-text-editor\" data-id=\"8330779\" data-element_type=\"widget\" data-widget_type=\"text-editor.default\">\n\t\t\t\t<div class=\"elementor-widget-container\">\n\t\t\t\t\t\t\t\t\t<h4>65 \u20ac<\/h4>\t\t\t\t\t\t\t\t<\/div>\n\t\t\t\t<\/div>\n\t\t\t\t<\/div>\n\t\t<div class=\"elementor-element elementor-element-aecec28 e-con-full e-flex e-con e-child\" data-id=\"aecec28\" data-element_type=\"container\">\n\t\t\t\t<div class=\"elementor-element elementor-element-73b23eb elementor-widget elementor-widget-text-editor\" data-id=\"73b23eb\" data-element_type=\"widget\" data-widget_type=\"text-editor.default\">\n\t\t\t\t<div class=\"elementor-widget-container\">\n\t\t\t\t\t\t\t\t\t<h4>110 \u20ac<\/h4>\t\t\t\t\t\t\t\t<\/div>\n\t\t\t\t<\/div>\n\t\t\t\t<\/div>\n\t\t\t\t\t<\/div>\n\t\t\t\t<\/div>\n\t\t<div class=\"elementor-element elementor-element-5a8589f e-flex e-con-boxed e-con e-parent\" data-id=\"5a8589f\" data-element_type=\"container\">\n\t\t\t\t\t<div class=\"e-con-inner\">\n\t\t<div class=\"elementor-element elementor-element-288b9bb e-con-full e-flex e-con e-child\" data-id=\"288b9bb\" data-element_type=\"container\">\n\t\t\t\t<div class=\"elementor-element elementor-element-e069c72 elementor-widget elementor-widget-heading\" data-id=\"e069c72\" data-element_type=\"widget\" data-widget_type=\"heading.default\">\n\t\t\t\t<div class=\"elementor-widget-container\">\n\t\t\t\t\t<h2 class=\"elementor-heading-title elementor-size-default\">Massage au choix<\/h2>\t\t\t\t<\/div>\n\t\t\t\t<\/div>\n\t\t\t\t<div class=\"elementor-element elementor-element-2385c9d elementor-widget elementor-widget-text-editor\" data-id=\"2385c9d\" data-element_type=\"widget\" data-widget_type=\"text-editor.default\">\n\t\t\t\t<div class=\"elementor-widget-container\">\n\t\t\t\t\t\t\t\t\t<p class=\"p1\">T\u00eate, dos, mains, ou pieds<br \/>1 choix 30\u2019, 2 choix 1h, 3 choix 1h30<\/p>\t\t\t\t\t\t\t\t<\/div>\n\t\t\t\t<\/div>\n\t\t\t\t<\/div>\n\t\t<div class=\"elementor-element elementor-element-f4bb886 e-con-full e-flex e-con e-child\" data-id=\"f4bb886\" data-element_type=\"container\">\n\t\t\t\t<div class=\"elementor-element elementor-element-228a8be elementor-widget elementor-widget-text-editor\" data-id=\"228a8be\" data-element_type=\"widget\" data-widget_type=\"text-editor.default\">\n\t\t\t\t<div class=\"elementor-widget-container\">\n\t\t\t\t\t\t\t\t\t<h4>0h30<br \/>1h30<br \/>2h00<\/h4>\t\t\t\t\t\t\t\t<\/div>\n\t\t\t\t<\/div>\n\t\t\t\t<\/div>\n\t\t<div class=\"elementor-element elementor-element-d1c69a0 e-con-full e-flex e-con e-child\" data-id=\"d1c69a0\" data-element_type=\"container\">\n\t\t\t\t<div class=\"elementor-element elementor-element-0532f5e elementor-widget elementor-widget-text-editor\" data-id=\"0532f5e\" data-element_type=\"widget\" data-widget_type=\"text-editor.default\">\n\t\t\t\t<div class=\"elementor-widget-container\">\n\t\t\t\t\t\t\t\t\t<h4>35 \u20ac<br \/>65 \u20ac<br \/>90 \u20ac<\/h4>\t\t\t\t\t\t\t\t<\/div>\n\t\t\t\t<\/div>\n\t\t\t\t<\/div>\n\t\t<div class=\"elementor-element elementor-element-cd80923 e-con-full e-flex e-con e-child\" data-id=\"cd80923\" data-element_type=\"container\">\n\t\t\t\t<\/div>\n\t\t\t\t\t<\/div>\n\t\t\t\t<\/div>\n\t\t\t\t<\/div>\n\t\t","protected":false},"excerpt":{"rendered":"<p>Nos Massages Dur\u00e9e Solo Duo Massage Traditionnel tha\u00eflandais Un massage re\u00e7u en tenue traditionnelle tha\u00eflandaise, sur futon au sol. Il associe massages, \u00e9tirements et pressions cibl\u00e9es. Massage aux huiles chaudes Votre corps est doucement mass\u00e9 avec une huile naturelle, sans parfum ou au choix parmi une vari\u00e9t\u00e9 d\u2019huiles. Massage Mixte Sans doute le pr\u00e9f\u00e9r\u00e9, il&#8230;<\/p>\n","protected":false},"author":1,"featured_media":0,"parent":0,"menu_order":0,"comment_status":"closed","ping_status":"closed","template":"","meta":{"_bst_post_transparent":"","_bst_post_title":"hide","_bst_post_layout":"fullwidth","_bst_post_sidebar_id":"","_bst_post_content_style":"unboxed","_bst_post_vertical_padding":"hide","_bst_post_feature":"hide","_bst_post_feature_position":"","_bst_post_header":false,"_bst_post_footer":false,"footnotes":""},"class_list":["post-1196","page","type-page","status-publish","hentry"],"_links":{"self":[{"href":"https:\/\/www.phuket-thai-massage.com\/index.php?rest_route=\/wp\/v2\/pages\/1196","targetHints":{"allow":["GET"]}}],"collection":[{"href":"https:\/\/www.phuket-thai-massage.com\/index.php?rest_route=\/wp\/v2\/pages"}],"about":[{"href":"https:\/\/www.phuket-thai-massage.com\/index.php?rest_route=\/wp\/v2\/types\/page"}],"author":[{"embeddable":true,"href":"https:\/\/www.phuket-thai-massage.com\/index.php?rest_route=\/wp\/v2\/users\/1"}],"replies":[{"embeddable":true,"href":"https:\/\/www.phuket-thai-massage.com\/index.php?rest_route=%2Fwp%2Fv2%2Fcomments&post=1196"}],"version-history":[{"count":22,"href":"https:\/\/www.phuket-thai-massage.com\/index.php?rest_route=\/wp\/v2\/pages\/1196\/revisions"}],"predecessor-version":[{"id":1225,"href":"https:\/\/www.phuket-thai-massage.com\/index.php?rest_route=\/wp\/v2\/pages\/1196\/revisions\/1225"}],"wp:attachment":[{"href":"https:\/\/www.phuket-thai-massage.com\/index.php?rest_route=%2Fwp%2Fv2%2Fmedia&parent=1196"}],"curies":[{"name":"wp","href":"https:\/\/api.w.org\/{rel}","templated":true}]}}