{"id":875,"date":"2025-02-01T17:18:32","date_gmt":"2025-02-01T16:18:32","guid":{"rendered":"https:\/\/www.phuket-thai-massage.com\/?page_id=875"},"modified":"2025-02-09T20:49:21","modified_gmt":"2025-02-09T19:49:21","slug":"massage-thai","status":"publish","type":"page","link":"https:\/\/www.phuket-thai-massage.com\/?page_id=875","title":{"rendered":"Massage Tha\u00ef Traditionnel"},"content":{"rendered":"\t\t<div data-elementor-type=\"wp-page\" data-elementor-id=\"875\" class=\"elementor elementor-875\">\n\t\t\t\t<div class=\"elementor-element elementor-element-d1ebf94 e-flex e-con-boxed e-con e-parent\" data-id=\"d1ebf94\" data-element_type=\"container\">\n\t\t\t\t\t<div class=\"e-con-inner\">\n\t\t\t\t<div class=\"elementor-element elementor-element-c9f010e elementor-widget elementor-widget-image\" data-id=\"c9f010e\" data-element_type=\"widget\" data-widget_type=\"image.default\">\n\t\t\t\t<div class=\"elementor-widget-container\">\n\t\t\t\t\t\t\t\t\t\t\t\t\t\t\t<img fetchpriority=\"high\" decoding=\"async\" width=\"674\" height=\"358\" src=\"https:\/\/www.phuket-thai-massage.com\/wp-content\/uploads\/2025\/02\/massage-thai-trad.jpeg\" class=\"attachment-large size-large wp-image-904\" alt=\"Massage Tha\u00ef Traditionnel\" srcset=\"https:\/\/www.phuket-thai-massage.com\/wp-content\/uploads\/2025\/02\/massage-thai-trad.jpeg 674w, https:\/\/www.phuket-thai-massage.com\/wp-content\/uploads\/2025\/02\/massage-thai-trad-300x159.jpeg 300w, https:\/\/www.phuket-thai-massage.com\/wp-content\/uploads\/2025\/02\/massage-thai-trad-600x319.jpeg 600w\" sizes=\"(max-width: 674px) 100vw, 674px\" \/>\t\t\t\t\t\t\t\t\t\t\t\t\t\t\t<\/div>\n\t\t\t\t<\/div>\n\t\t\t\t\t<\/div>\n\t\t\t\t<\/div>\n\t\t<div class=\"elementor-element elementor-element-2474473 e-flex e-con-boxed e-con e-parent\" data-id=\"2474473\" data-element_type=\"container\">\n\t\t\t\t\t<div class=\"e-con-inner\">\n\t\t\t\t<div class=\"elementor-element elementor-element-1768ee5 elementor-widget-divider--view-line elementor-widget elementor-widget-divider\" data-id=\"1768ee5\" data-element_type=\"widget\" data-widget_type=\"divider.default\">\n\t\t\t\t<div class=\"elementor-widget-container\">\n\t\t\t\t\t\t\t<div class=\"elementor-divider\">\n\t\t\t<span class=\"elementor-divider-separator\">\n\t\t\t\t\t\t<\/span>\n\t\t<\/div>\n\t\t\t\t\t\t<\/div>\n\t\t\t\t<\/div>\n\t\t\t\t<div class=\"elementor-element elementor-element-d0864e4 elementor-widget elementor-widget-heading\" data-id=\"d0864e4\" data-element_type=\"widget\" data-widget_type=\"heading.default\">\n\t\t\t\t<div class=\"elementor-widget-container\">\n\t\t\t\t\t<h2 class=\"elementor-heading-title elementor-size-default\"><div style=\"color: rgb(0, 0, 0); font-family: -apple-system, helveticaneue; font-size: 16px; letter-spacing: normal; white-space-collapse: collapse;\"><span style=\"color: var(--global-palette3); font-family: var(--global-heading-font-family); font-size: 28px; white-space-collapse: preserve; text-align: var(--text-align); background-color: transparent; letter-spacing: 0.5px;\">Massage Traditionnel Tha\u00eflandais<\/span><\/div><\/h2>\t\t\t\t<\/div>\n\t\t\t\t<\/div>\n\t\t\t\t\t<\/div>\n\t\t\t\t<\/div>\n\t\t<div class=\"elementor-element elementor-element-2d5c374 e-flex e-con-boxed e-con e-parent\" data-id=\"2d5c374\" data-element_type=\"container\">\n\t\t\t\t\t<div class=\"e-con-inner\">\n\t\t\t\t<div class=\"elementor-element elementor-element-8e00d7f elementor-widget elementor-widget-text-editor\" data-id=\"8e00d7f\" data-element_type=\"widget\" data-widget_type=\"text-editor.default\">\n\t\t\t\t<div class=\"elementor-widget-container\">\n\t\t\t\t\t\t\t\t\t<p>D\u00e9couvrez une pratique ancestrale qui allie pressions rythm\u00e9es, \u00e9tirements doux et techniques de relaxation profonde. Le massage traditionnel stimule la circulation \u00e9nerg\u00e9tique, soulage les tensions musculaires et apporte un \u00e9quilibre parfait entre le corps et l\u2019esprit. Id\u00e9al pour retrouver vitalit\u00e9 et s\u00e9r\u00e9nit\u00e9. Pour ce massage nous n\u2019utilisons ni huiles, ni lotions.<\/p><p><span style=\"text-align: var(--text-align); background-color: transparent; color: var(--global-palette4); font-family: var(--global-body-font-family);\">Vous serez v\u00eatu d\u2019une tenue traditionnelle Tha\u00ef ( lav\u00e9e entre chaque client). Les coudes et les genoux peuvent \u00eatre utilis\u00e9s pour qu\u2019une certaine pression soit exerc\u00e9e.\u00a0<\/span><\/p>\t\t\t\t\t\t\t\t<\/div>\n\t\t\t\t<\/div>\n\t\t\t\t\t<\/div>\n\t\t\t\t<\/div>\n\t\t<div class=\"elementor-element elementor-element-dd2f8d5 e-flex e-con-boxed e-con e-parent\" data-id=\"dd2f8d5\" data-element_type=\"container\">\n\t\t\t\t\t<div class=\"e-con-inner\">\n\t\t\t\t<div class=\"elementor-element elementor-element-5263500 elementor-widget elementor-widget-text-editor\" data-id=\"5263500\" data-element_type=\"widget\" data-widget_type=\"text-editor.default\">\n\t\t\t\t<div class=\"elementor-widget-container\">\n\t\t\t\t\t\t\t\t\t<p>D\u00e9conseill\u00e9 pour : les femmes enceintes, les personnes ayant des pathologies osseuses, articulaires ou musculaires, hypertension art\u00e9rielle ou probl\u00e8mes cardiaques.\u00a0<\/p>\t\t\t\t\t\t\t\t<\/div>\n\t\t\t\t<\/div>\n\t\t\t\t\t<\/div>\n\t\t\t\t<\/div>\n\t\t<div class=\"elementor-element elementor-element-713a223 e-grid e-con-boxed e-con e-parent\" data-id=\"713a223\" data-element_type=\"container\">\n\t\t\t\t\t<div class=\"e-con-inner\">\n\t\t\t\t<div class=\"elementor-element elementor-element-6d15449 elementor-widget elementor-widget-heading\" data-id=\"6d15449\" data-element_type=\"widget\" data-widget_type=\"heading.default\">\n\t\t\t\t<div class=\"elementor-widget-container\">\n\t\t\t\t\t<h2 class=\"elementor-heading-title elementor-size-default\">Solo :<\/h2>\t\t\t\t<\/div>\n\t\t\t\t<\/div>\n\t\t\t\t<div class=\"elementor-element elementor-element-a020b81 elementor-widget elementor-widget-text-editor\" data-id=\"a020b81\" data-element_type=\"widget\" data-widget_type=\"text-editor.default\">\n\t\t\t\t<div class=\"elementor-widget-container\">\n\t\t\t\t\t\t\t\t\t<div dir=\"auto\">1h00 &#8211; 70 \u20ac\u00a0<\/div><div dir=\"auto\">1h30 &#8211; 100 \u20ac<\/div><div dir=\"auto\">2h00 &#8211; 125 \u20ac<\/div>\t\t\t\t\t\t\t\t<\/div>\n\t\t\t\t<\/div>\n\t\t\t\t<div class=\"elementor-element elementor-element-71ced5a elementor-widget elementor-widget-heading\" data-id=\"71ced5a\" data-element_type=\"widget\" data-widget_type=\"heading.default\">\n\t\t\t\t<div class=\"elementor-widget-container\">\n\t\t\t\t\t<h2 class=\"elementor-heading-title elementor-size-default\">Duo :<\/h2>\t\t\t\t<\/div>\n\t\t\t\t<\/div>\n\t\t\t\t<div class=\"elementor-element elementor-element-be9d3b0 elementor-widget elementor-widget-text-editor\" data-id=\"be9d3b0\" data-element_type=\"widget\" data-widget_type=\"text-editor.default\">\n\t\t\t\t<div class=\"elementor-widget-container\">\n\t\t\t\t\t\t\t\t\t<div dir=\"auto\">1h00 &#8211; 125 \u20ac\u00a0<\/div><div dir=\"auto\">1h30 &#8211; 160 \u20ac\u00a0<\/div><div dir=\"auto\">2h00 &#8211; 220 \u20ac\u00a0<\/div>\t\t\t\t\t\t\t\t<\/div>\n\t\t\t\t<\/div>\n\t\t\t\t\t<\/div>\n\t\t\t\t<\/div>\n\t\t<div class=\"elementor-element elementor-element-dd3e703 e-flex e-con-boxed e-con e-parent\" data-id=\"dd3e703\" data-element_type=\"container\">\n\t\t\t\t\t<div class=\"e-con-inner\">\n\t\t\t\t<div class=\"elementor-element elementor-element-55ee487 elementor-widget elementor-widget-text-editor\" data-id=\"55ee487\" data-element_type=\"widget\" data-widget_type=\"text-editor.default\">\n\t\t\t\t<div class=\"elementor-widget-container\">\n\t\t\t\t\t\t\t\t\t<h3 class=\"p1\">R\u00e9servez par t\u00e9l\u00e9phone ou en ligne sur <a href=\"https:\/\/www.planity.com\/phuket-thai-massage-69006-lyon\" target=\"_blank\" rel=\"noopener\">PLANITY<\/a><\/h3>\t\t\t\t\t\t\t\t<\/div>\n\t\t\t\t<\/div>\n\t\t\t\t\t<\/div>\n\t\t\t\t<\/div>\n\t\t<div class=\"elementor-element elementor-element-b528a3b e-flex e-con-boxed e-con e-parent\" data-id=\"b528a3b\" data-element_type=\"container\">\n\t\t\t\t\t<div class=\"e-con-inner\">\n\t\t\t\t<div class=\"elementor-element elementor-element-a251ec1 elementor-widget-divider--view-line elementor-widget elementor-widget-divider\" data-id=\"a251ec1\" data-element_type=\"widget\" data-widget_type=\"divider.default\">\n\t\t\t\t<div class=\"elementor-widget-container\">\n\t\t\t\t\t\t\t<div class=\"elementor-divider\">\n\t\t\t<span class=\"elementor-divider-separator\">\n\t\t\t\t\t\t<\/span>\n\t\t<\/div>\n\t\t\t\t\t\t<\/div>\n\t\t\t\t<\/div>\n\t\t\t\t\t<\/div>\n\t\t\t\t<\/div>\n\t\t\t\t<\/div>\n\t\t","protected":false},"excerpt":{"rendered":"<p>Massage Traditionnel Tha\u00eflandais D\u00e9couvrez une pratique ancestrale qui allie pressions rythm\u00e9es, \u00e9tirements doux et techniques de relaxation profonde. Le massage traditionnel stimule la circulation \u00e9nerg\u00e9tique, soulage les tensions musculaires et apporte un \u00e9quilibre parfait entre le corps et l\u2019esprit. Id\u00e9al pour retrouver vitalit\u00e9 et s\u00e9r\u00e9nit\u00e9. Pour ce massage nous n\u2019utilisons ni huiles, ni lotions. Vous&#8230;<\/p>\n","protected":false},"author":3,"featured_media":0,"parent":0,"menu_order":0,"comment_status":"closed","ping_status":"closed","template":"","meta":{"_bst_post_transparent":"","_bst_post_title":"hide","_bst_post_layout":"fullwidth","_bst_post_sidebar_id":"","_bst_post_content_style":"unboxed","_bst_post_vertical_padding":"hide","_bst_post_feature":"hide","_bst_post_feature_position":"","_bst_post_header":false,"_bst_post_footer":false,"footnotes":""},"class_list":["post-875","page","type-page","status-publish","hentry"],"_links":{"self":[{"href":"https:\/\/www.phuket-thai-massage.com\/index.php?rest_route=\/wp\/v2\/pages\/875","targetHints":{"allow":["GET"]}}],"collection":[{"href":"https:\/\/www.phuket-thai-massage.com\/index.php?rest_route=\/wp\/v2\/pages"}],"about":[{"href":"https:\/\/www.phuket-thai-massage.com\/index.php?rest_route=\/wp\/v2\/types\/page"}],"author":[{"embeddable":true,"href":"https:\/\/www.phuket-thai-massage.com\/index.php?rest_route=\/wp\/v2\/users\/3"}],"replies":[{"embeddable":true,"href":"https:\/\/www.phuket-thai-massage.com\/index.php?rest_route=%2Fwp%2Fv2%2Fcomments&post=875"}],"version-history":[{"count":26,"href":"https:\/\/www.phuket-thai-massage.com\/index.php?rest_route=\/wp\/v2\/pages\/875\/revisions"}],"predecessor-version":[{"id":1179,"href":"https:\/\/www.phuket-thai-massage.com\/index.php?rest_route=\/wp\/v2\/pages\/875\/revisions\/1179"}],"wp:attachment":[{"href":"https:\/\/www.phuket-thai-massage.com\/index.php?rest_route=%2Fwp%2Fv2%2Fmedia&parent=875"}],"curies":[{"name":"wp","href":"https:\/\/api.w.org\/{rel}","templated":true}]}}