{"id":940,"date":"2025-02-02T14:46:27","date_gmt":"2025-02-02T13:46:27","guid":{"rendered":"https:\/\/www.phuket-thai-massage.com\/?page_id=940"},"modified":"2025-02-09T20:47:44","modified_gmt":"2025-02-09T19:47:44","slug":"massage-mixte","status":"publish","type":"page","link":"https:\/\/www.phuket-thai-massage.com\/?page_id=940","title":{"rendered":"Massage Mixte"},"content":{"rendered":"\t\t<div data-elementor-type=\"wp-page\" data-elementor-id=\"940\" class=\"elementor elementor-940\">\n\t\t\t\t<div class=\"elementor-element elementor-element-aca3c15 e-flex e-con-boxed e-con e-parent\" data-id=\"aca3c15\" data-element_type=\"container\">\n\t\t\t\t\t<div class=\"e-con-inner\">\n\t\t\t\t<div class=\"elementor-element elementor-element-519da1b7 elementor-widget elementor-widget-image\" data-id=\"519da1b7\" data-element_type=\"widget\" data-widget_type=\"image.default\">\n\t\t\t\t<div class=\"elementor-widget-container\">\n\t\t\t\t\t\t\t\t\t\t\t\t\t\t\t<img decoding=\"async\" src=\"https:\/\/www.phuket-thai-massage.com\/wp-content\/uploads\/elementor\/thumbs\/massage-mixte-scaled-r0wyot34zzyi6h8ixvyouegmvs80y7q6c8rh2metfg.jpg\" title=\"massage mixte\" alt=\"Massage Mixte\" loading=\"lazy\" \/>\t\t\t\t\t\t\t\t\t\t\t\t\t\t\t<\/div>\n\t\t\t\t<\/div>\n\t\t\t\t\t<\/div>\n\t\t\t\t<\/div>\n\t\t<div class=\"elementor-element elementor-element-205d8453 e-flex e-con-boxed e-con e-parent\" data-id=\"205d8453\" data-element_type=\"container\">\n\t\t\t\t\t<div class=\"e-con-inner\">\n\t\t\t\t<div class=\"elementor-element elementor-element-59e5cf4b elementor-widget-divider--view-line elementor-widget elementor-widget-divider\" data-id=\"59e5cf4b\" data-element_type=\"widget\" data-widget_type=\"divider.default\">\n\t\t\t\t<div class=\"elementor-widget-container\">\n\t\t\t\t\t\t\t<div class=\"elementor-divider\">\n\t\t\t<span class=\"elementor-divider-separator\">\n\t\t\t\t\t\t<\/span>\n\t\t<\/div>\n\t\t\t\t\t\t<\/div>\n\t\t\t\t<\/div>\n\t\t\t\t<div class=\"elementor-element elementor-element-54972725 elementor-widget elementor-widget-heading\" data-id=\"54972725\" data-element_type=\"widget\" data-widget_type=\"heading.default\">\n\t\t\t\t<div class=\"elementor-widget-container\">\n\t\t\t\t\t<h2 class=\"elementor-heading-title elementor-size-default\">Massage Mixte (Tha\u00ef et Huiles)\u200b<\/h2>\t\t\t\t<\/div>\n\t\t\t\t<\/div>\n\t\t\t\t\t<\/div>\n\t\t\t\t<\/div>\n\t\t<div class=\"elementor-element elementor-element-1ae89644 e-flex e-con-boxed e-con e-parent\" data-id=\"1ae89644\" data-element_type=\"container\">\n\t\t\t\t\t<div class=\"e-con-inner\">\n\t\t\t\t<div class=\"elementor-element elementor-element-6225c3fb elementor-widget elementor-widget-text-editor\" data-id=\"6225c3fb\" data-element_type=\"widget\" data-widget_type=\"text-editor.default\">\n\t\t\t\t<div class=\"elementor-widget-container\">\n\t\t\t\t\t\t\t\t\t<p class=\"p1\">Offrez-vous le meilleur des deux mondes avec ce massage combinant les techniques traditionnelles du massage tha\u00eflandais et la douceur d\u2019un massage \u00e0 l\u2019huile. Ce soin allie des pressions profondes, des \u00e9tirements et des mouvements fluides pour lib\u00e9rer les tensions, am\u00e9liorer la circulation et favoriser une relaxation compl\u00e8te. Id\u00e9al pour apaiser le corps et l\u2019esprit tout en revitalisant votre \u00e9nergie.<\/p>\t\t\t\t\t\t\t\t<\/div>\n\t\t\t\t<\/div>\n\t\t\t\t\t<\/div>\n\t\t\t\t<\/div>\n\t\t<div class=\"elementor-element elementor-element-4bae3764 e-flex e-con-boxed e-con e-parent\" data-id=\"4bae3764\" data-element_type=\"container\">\n\t\t\t\t\t<div class=\"e-con-inner\">\n\t\t\t\t<div class=\"elementor-element elementor-element-3d3bb675 elementor-widget elementor-widget-text-editor\" data-id=\"3d3bb675\" data-element_type=\"widget\" data-widget_type=\"text-editor.default\">\n\t\t\t\t<div class=\"elementor-widget-container\">\n\t\t\t\t\t\t\t\t\t<p>D\u00e9conseill\u00e9 pour : les femmes enceintes, les personnes ayant des pathologies osseuses, articulaires ou musculaires, hypertension art\u00e9rielle ou probl\u00e8mes cardiaques.\u00a0<\/p>\t\t\t\t\t\t\t\t<\/div>\n\t\t\t\t<\/div>\n\t\t\t\t\t<\/div>\n\t\t\t\t<\/div>\n\t\t<div class=\"elementor-element elementor-element-105d365f e-grid e-con-boxed e-con e-parent\" data-id=\"105d365f\" data-element_type=\"container\">\n\t\t\t\t\t<div class=\"e-con-inner\">\n\t\t\t\t<div class=\"elementor-element elementor-element-61596d1c elementor-widget elementor-widget-heading\" data-id=\"61596d1c\" data-element_type=\"widget\" data-widget_type=\"heading.default\">\n\t\t\t\t<div class=\"elementor-widget-container\">\n\t\t\t\t\t<h2 class=\"elementor-heading-title elementor-size-default\">Solo :<\/h2>\t\t\t\t<\/div>\n\t\t\t\t<\/div>\n\t\t\t\t<div class=\"elementor-element elementor-element-aec5994 elementor-widget elementor-widget-text-editor\" data-id=\"aec5994\" data-element_type=\"widget\" data-widget_type=\"text-editor.default\">\n\t\t\t\t<div class=\"elementor-widget-container\">\n\t\t\t\t\t\t\t\t\t<div dir=\"auto\">1h00 &#8211; 70 \u20ac\u00a0<\/div><div dir=\"auto\">1h30 &#8211; 100 \u20ac<\/div><div dir=\"auto\">2h00 &#8211; 125 \u20ac<\/div>\t\t\t\t\t\t\t\t<\/div>\n\t\t\t\t<\/div>\n\t\t\t\t<div class=\"elementor-element elementor-element-ace557c elementor-widget elementor-widget-heading\" data-id=\"ace557c\" data-element_type=\"widget\" data-widget_type=\"heading.default\">\n\t\t\t\t<div class=\"elementor-widget-container\">\n\t\t\t\t\t<h2 class=\"elementor-heading-title elementor-size-default\">Duo :<\/h2>\t\t\t\t<\/div>\n\t\t\t\t<\/div>\n\t\t\t\t<div class=\"elementor-element elementor-element-290cce85 elementor-widget elementor-widget-text-editor\" data-id=\"290cce85\" data-element_type=\"widget\" data-widget_type=\"text-editor.default\">\n\t\t\t\t<div class=\"elementor-widget-container\">\n\t\t\t\t\t\t\t\t\t<div dir=\"auto\">1h00 &#8211; 125 \u20ac\u00a0<\/div><div dir=\"auto\">1h30 &#8211; 160 \u20ac\u00a0<\/div><div dir=\"auto\">2h00 &#8211; 220 \u20ac\u00a0<\/div>\t\t\t\t\t\t\t\t<\/div>\n\t\t\t\t<\/div>\n\t\t\t\t\t<\/div>\n\t\t\t\t<\/div>\n\t\t<div class=\"elementor-element elementor-element-21c9fc56 e-flex e-con-boxed e-con e-parent\" data-id=\"21c9fc56\" data-element_type=\"container\">\n\t\t\t\t\t<div class=\"e-con-inner\">\n\t\t\t\t<div class=\"elementor-element elementor-element-2b174387 elementor-widget elementor-widget-text-editor\" data-id=\"2b174387\" data-element_type=\"widget\" data-widget_type=\"text-editor.default\">\n\t\t\t\t<div class=\"elementor-widget-container\">\n\t\t\t\t\t\t\t\t\t<h3 class=\"p1\" style=\"font-family: var(--global-heading-font-family); color: #ffffff;\">R\u00e9servez par t\u00e9l\u00e9phone ou en ligne\u00a0sur\u00a0<a style=\"transition-property: all;\" href=\"https:\/\/www.planity.com\/phuket-thai-massage-69006-lyon\" target=\"_blank\" rel=\"noopener\">PLANITY<\/a><\/h3>\t\t\t\t\t\t\t\t<\/div>\n\t\t\t\t<\/div>\n\t\t\t\t\t<\/div>\n\t\t\t\t<\/div>\n\t\t<div class=\"elementor-element elementor-element-2c46435c e-flex e-con-boxed e-con e-parent\" data-id=\"2c46435c\" data-element_type=\"container\">\n\t\t\t\t\t<div class=\"e-con-inner\">\n\t\t\t\t<div class=\"elementor-element elementor-element-52b3a2c4 elementor-widget-divider--view-line elementor-widget elementor-widget-divider\" data-id=\"52b3a2c4\" data-element_type=\"widget\" data-widget_type=\"divider.default\">\n\t\t\t\t<div class=\"elementor-widget-container\">\n\t\t\t\t\t\t\t<div class=\"elementor-divider\">\n\t\t\t<span class=\"elementor-divider-separator\">\n\t\t\t\t\t\t<\/span>\n\t\t<\/div>\n\t\t\t\t\t\t<\/div>\n\t\t\t\t<\/div>\n\t\t\t\t\t<\/div>\n\t\t\t\t<\/div>\n\t\t\t\t<\/div>\n\t\t","protected":false},"excerpt":{"rendered":"<p>Massage Mixte (Tha\u00ef et Huiles)\u200b Offrez-vous le meilleur des deux mondes avec ce massage combinant les techniques traditionnelles du massage tha\u00eflandais et la douceur d\u2019un massage \u00e0 l\u2019huile. Ce soin allie des pressions profondes, des \u00e9tirements et des mouvements fluides pour lib\u00e9rer les tensions, am\u00e9liorer la circulation et favoriser une relaxation compl\u00e8te. Id\u00e9al pour apaiser&#8230;<\/p>\n","protected":false},"author":1,"featured_media":0,"parent":0,"menu_order":0,"comment_status":"closed","ping_status":"closed","template":"","meta":{"_bst_post_transparent":"","_bst_post_title":"hide","_bst_post_layout":"fullwidth","_bst_post_sidebar_id":"","_bst_post_content_style":"unboxed","_bst_post_vertical_padding":"hide","_bst_post_feature":"hide","_bst_post_feature_position":"","_bst_post_header":false,"_bst_post_footer":false,"footnotes":""},"class_list":["post-940","page","type-page","status-publish","hentry"],"_links":{"self":[{"href":"https:\/\/www.phuket-thai-massage.com\/index.php?rest_route=\/wp\/v2\/pages\/940","targetHints":{"allow":["GET"]}}],"collection":[{"href":"https:\/\/www.phuket-thai-massage.com\/index.php?rest_route=\/wp\/v2\/pages"}],"about":[{"href":"https:\/\/www.phuket-thai-massage.com\/index.php?rest_route=\/wp\/v2\/types\/page"}],"author":[{"embeddable":true,"href":"https:\/\/www.phuket-thai-massage.com\/index.php?rest_route=\/wp\/v2\/users\/1"}],"replies":[{"embeddable":true,"href":"https:\/\/www.phuket-thai-massage.com\/index.php?rest_route=%2Fwp%2Fv2%2Fcomments&post=940"}],"version-history":[{"count":13,"href":"https:\/\/www.phuket-thai-massage.com\/index.php?rest_route=\/wp\/v2\/pages\/940\/revisions"}],"predecessor-version":[{"id":1176,"href":"https:\/\/www.phuket-thai-massage.com\/index.php?rest_route=\/wp\/v2\/pages\/940\/revisions\/1176"}],"wp:attachment":[{"href":"https:\/\/www.phuket-thai-massage.com\/index.php?rest_route=%2Fwp%2Fv2%2Fmedia&parent=940"}],"curies":[{"name":"wp","href":"https:\/\/api.w.org\/{rel}","templated":true}]}}