{"id":945,"date":"2025-02-02T14:50:49","date_gmt":"2025-02-02T13:50:49","guid":{"rendered":"https:\/\/www.phuket-thai-massage.com\/?page_id=945"},"modified":"2025-02-09T20:51:26","modified_gmt":"2025-02-09T19:51:26","slug":"massage-thailandais-aux-pochons-dherbes","status":"publish","type":"page","link":"https:\/\/www.phuket-thai-massage.com\/?page_id=945","title":{"rendered":"Massage Tha\u00eflandais aux Pochons d\u2019Herbes"},"content":{"rendered":"\t\t<div data-elementor-type=\"wp-page\" data-elementor-id=\"945\" class=\"elementor elementor-945\">\n\t\t\t\t<div class=\"elementor-element elementor-element-3c3cd349 e-flex e-con-boxed e-con e-parent\" data-id=\"3c3cd349\" data-element_type=\"container\">\n\t\t\t\t\t<div class=\"e-con-inner\">\n\t\t\t\t<div class=\"elementor-element elementor-element-58c25762 elementor-widget elementor-widget-image\" data-id=\"58c25762\" data-element_type=\"widget\" data-widget_type=\"image.default\">\n\t\t\t\t<div class=\"elementor-widget-container\">\n\t\t\t\t\t\t\t\t\t\t\t\t\t\t\t<img decoding=\"async\" src=\"https:\/\/www.phuket-thai-massage.com\/wp-content\/uploads\/2025\/02\/IMG_1316.jpeg\" title=\"pochons herbes\" alt=\"Massage Tha\u00ef aux Pochons d&#039;herbes\" loading=\"lazy\" \/>\t\t\t\t\t\t\t\t\t\t\t\t\t\t\t<\/div>\n\t\t\t\t<\/div>\n\t\t\t\t\t<\/div>\n\t\t\t\t<\/div>\n\t\t<div class=\"elementor-element elementor-element-cfa8f4d e-flex e-con-boxed e-con e-parent\" data-id=\"cfa8f4d\" data-element_type=\"container\">\n\t\t\t\t\t<div class=\"e-con-inner\">\n\t\t\t\t<div class=\"elementor-element elementor-element-52e7fe20 elementor-widget-divider--view-line elementor-widget elementor-widget-divider\" data-id=\"52e7fe20\" data-element_type=\"widget\" data-widget_type=\"divider.default\">\n\t\t\t\t<div class=\"elementor-widget-container\">\n\t\t\t\t\t\t\t<div class=\"elementor-divider\">\n\t\t\t<span class=\"elementor-divider-separator\">\n\t\t\t\t\t\t<\/span>\n\t\t<\/div>\n\t\t\t\t\t\t<\/div>\n\t\t\t\t<\/div>\n\t\t\t\t<div class=\"elementor-element elementor-element-639f112b elementor-widget elementor-widget-heading\" data-id=\"639f112b\" data-element_type=\"widget\" data-widget_type=\"heading.default\">\n\t\t\t\t<div class=\"elementor-widget-container\">\n\t\t\t\t\t<h2 class=\"elementor-heading-title elementor-size-default\">Massage Tha\u00eflandais aux Pochons d\u2019Herbes <\/h2>\t\t\t\t<\/div>\n\t\t\t\t<\/div>\n\t\t\t\t\t<\/div>\n\t\t\t\t<\/div>\n\t\t<div class=\"elementor-element elementor-element-3f3cb470 e-flex e-con-boxed e-con e-parent\" data-id=\"3f3cb470\" data-element_type=\"container\">\n\t\t\t\t\t<div class=\"e-con-inner\">\n\t\t\t\t<div class=\"elementor-element elementor-element-475847f elementor-widget elementor-widget-text-editor\" data-id=\"475847f\" data-element_type=\"widget\" data-widget_type=\"text-editor.default\">\n\t\t\t\t<div class=\"elementor-widget-container\">\n\t\t\t\t\t\t\t\t\t<p>D\u00e9couvrez une exp\u00e9rience unique de bien-\u00eatre avec le massage tha\u00eflandais aux pochons d\u2019herbes. Ce soin traditionnel combine des pressions cibl\u00e9es et l\u2019application de pochons chauff\u00e9s remplis d\u2019un m\u00e9lange d\u2019herbes aromatiques aux vertus apaisantes et revitalisantes. La chaleur des pochons d\u00e9tend les muscles en profondeur, tandis que les bienfaits des plantes favorisent la circulation, soulagent les douleurs et revitalisent le corps. Id\u00e9al pour rel\u00e2cher les tensions et retrouver une harmonie entre le corps et l\u2019esprit.\u00a0<\/p>\t\t\t\t\t\t\t\t<\/div>\n\t\t\t\t<\/div>\n\t\t\t\t\t<\/div>\n\t\t\t\t<\/div>\n\t\t<div class=\"elementor-element elementor-element-4e838a81 e-grid e-con-boxed e-con e-parent\" data-id=\"4e838a81\" data-element_type=\"container\">\n\t\t\t\t\t<div class=\"e-con-inner\">\n\t\t\t\t<div class=\"elementor-element elementor-element-6c151aae elementor-widget elementor-widget-heading\" data-id=\"6c151aae\" data-element_type=\"widget\" data-widget_type=\"heading.default\">\n\t\t\t\t<div class=\"elementor-widget-container\">\n\t\t\t\t\t<h2 class=\"elementor-heading-title elementor-size-default\">Solo :<\/h2>\t\t\t\t<\/div>\n\t\t\t\t<\/div>\n\t\t\t\t<div class=\"elementor-element elementor-element-393b68e7 elementor-widget elementor-widget-text-editor\" data-id=\"393b68e7\" data-element_type=\"widget\" data-widget_type=\"text-editor.default\">\n\t\t\t\t<div class=\"elementor-widget-container\">\n\t\t\t\t\t\t\t\t\t<div dir=\"auto\"><div dir=\"auto\">1h30 &#8211; 115 \u20ac\u00a0<\/div><div dir=\"auto\">2h00 &#8211; 145 \u20ac<\/div><\/div>\t\t\t\t\t\t\t\t<\/div>\n\t\t\t\t<\/div>\n\t\t\t\t<div class=\"elementor-element elementor-element-569b91cd elementor-widget elementor-widget-heading\" data-id=\"569b91cd\" data-element_type=\"widget\" data-widget_type=\"heading.default\">\n\t\t\t\t<div class=\"elementor-widget-container\">\n\t\t\t\t\t<h2 class=\"elementor-heading-title elementor-size-default\">Duo :<\/h2>\t\t\t\t<\/div>\n\t\t\t\t<\/div>\n\t\t\t\t<div class=\"elementor-element elementor-element-4b1c0177 elementor-widget elementor-widget-text-editor\" data-id=\"4b1c0177\" data-element_type=\"widget\" data-widget_type=\"text-editor.default\">\n\t\t\t\t<div class=\"elementor-widget-container\">\n\t\t\t\t\t\t\t\t\t<div dir=\"auto\"><div dir=\"auto\">1h30 &#8211; 200 \u20ac<\/div><div dir=\"auto\">2h00 &#8211; 260 \u20ac<\/div><\/div>\t\t\t\t\t\t\t\t<\/div>\n\t\t\t\t<\/div>\n\t\t\t\t\t<\/div>\n\t\t\t\t<\/div>\n\t\t<div class=\"elementor-element elementor-element-6fd7b364 e-flex e-con-boxed e-con e-parent\" data-id=\"6fd7b364\" data-element_type=\"container\">\n\t\t\t\t\t<div class=\"e-con-inner\">\n\t\t\t\t<div class=\"elementor-element elementor-element-b8929e5 elementor-widget elementor-widget-text-editor\" data-id=\"b8929e5\" data-element_type=\"widget\" data-widget_type=\"text-editor.default\">\n\t\t\t\t<div class=\"elementor-widget-container\">\n\t\t\t\t\t\t\t\t\t<h3 class=\"p1\" style=\"font-family: var(--global-heading-font-family); color: #ffffff;\">R\u00e9servez par t\u00e9l\u00e9phone ou en ligne sur <a style=\"transition-property: all;\" href=\"https:\/\/www.planity.com\/phuket-thai-massage-69006-lyon\" target=\"_blank\" rel=\"noopener\">PLANITY<\/a><\/h3>\t\t\t\t\t\t\t\t<\/div>\n\t\t\t\t<\/div>\n\t\t\t\t\t<\/div>\n\t\t\t\t<\/div>\n\t\t<div class=\"elementor-element elementor-element-da91dd7 e-flex e-con-boxed e-con e-parent\" data-id=\"da91dd7\" data-element_type=\"container\">\n\t\t\t\t\t<div class=\"e-con-inner\">\n\t\t\t\t<div class=\"elementor-element elementor-element-1d72678f elementor-widget-divider--view-line elementor-widget elementor-widget-divider\" data-id=\"1d72678f\" data-element_type=\"widget\" data-widget_type=\"divider.default\">\n\t\t\t\t<div class=\"elementor-widget-container\">\n\t\t\t\t\t\t\t<div class=\"elementor-divider\">\n\t\t\t<span class=\"elementor-divider-separator\">\n\t\t\t\t\t\t<\/span>\n\t\t<\/div>\n\t\t\t\t\t\t<\/div>\n\t\t\t\t<\/div>\n\t\t\t\t\t<\/div>\n\t\t\t\t<\/div>\n\t\t\t\t<\/div>\n\t\t","protected":false},"excerpt":{"rendered":"<p>Massage Tha\u00eflandais aux Pochons d\u2019Herbes D\u00e9couvrez une exp\u00e9rience unique de bien-\u00eatre avec le massage tha\u00eflandais aux pochons d\u2019herbes. Ce soin traditionnel combine des pressions cibl\u00e9es et l\u2019application de pochons chauff\u00e9s remplis d\u2019un m\u00e9lange d\u2019herbes aromatiques aux vertus apaisantes et revitalisantes. La chaleur des pochons d\u00e9tend les muscles en profondeur, tandis que les bienfaits des plantes&#8230;<\/p>\n","protected":false},"author":1,"featured_media":0,"parent":0,"menu_order":0,"comment_status":"closed","ping_status":"closed","template":"","meta":{"_bst_post_transparent":"","_bst_post_title":"hide","_bst_post_layout":"fullwidth","_bst_post_sidebar_id":"","_bst_post_content_style":"unboxed","_bst_post_vertical_padding":"hide","_bst_post_feature":"hide","_bst_post_feature_position":"","_bst_post_header":false,"_bst_post_footer":false,"footnotes":""},"class_list":["post-945","page","type-page","status-publish","hentry"],"_links":{"self":[{"href":"https:\/\/www.phuket-thai-massage.com\/index.php?rest_route=\/wp\/v2\/pages\/945","targetHints":{"allow":["GET"]}}],"collection":[{"href":"https:\/\/www.phuket-thai-massage.com\/index.php?rest_route=\/wp\/v2\/pages"}],"about":[{"href":"https:\/\/www.phuket-thai-massage.com\/index.php?rest_route=\/wp\/v2\/types\/page"}],"author":[{"embeddable":true,"href":"https:\/\/www.phuket-thai-massage.com\/index.php?rest_route=\/wp\/v2\/users\/1"}],"replies":[{"embeddable":true,"href":"https:\/\/www.phuket-thai-massage.com\/index.php?rest_route=%2Fwp%2Fv2%2Fcomments&post=945"}],"version-history":[{"count":16,"href":"https:\/\/www.phuket-thai-massage.com\/index.php?rest_route=\/wp\/v2\/pages\/945\/revisions"}],"predecessor-version":[{"id":1182,"href":"https:\/\/www.phuket-thai-massage.com\/index.php?rest_route=\/wp\/v2\/pages\/945\/revisions\/1182"}],"wp:attachment":[{"href":"https:\/\/www.phuket-thai-massage.com\/index.php?rest_route=%2Fwp%2Fv2%2Fmedia&parent=945"}],"curies":[{"name":"wp","href":"https:\/\/api.w.org\/{rel}","templated":true}]}}