{"id":951,"date":"2025-02-02T14:58:13","date_gmt":"2025-02-02T13:58:13","guid":{"rendered":"https:\/\/www.phuket-thai-massage.com\/?page_id=951"},"modified":"2025-02-09T20:14:17","modified_gmt":"2025-02-09T19:14:17","slug":"massage-au-choix","status":"publish","type":"page","link":"https:\/\/www.phuket-thai-massage.com\/?page_id=951","title":{"rendered":"Massage au choix"},"content":{"rendered":"\t\t<div data-elementor-type=\"wp-page\" data-elementor-id=\"951\" class=\"elementor elementor-951\">\n\t\t\t\t<div class=\"elementor-element elementor-element-77e83330 e-flex e-con-boxed e-con e-parent\" data-id=\"77e83330\" data-element_type=\"container\">\n\t\t\t\t\t<div class=\"e-con-inner\">\n\t\t\t\t<div class=\"elementor-element elementor-element-390d493a elementor-widget elementor-widget-image\" data-id=\"390d493a\" data-element_type=\"widget\" data-widget_type=\"image.default\">\n\t\t\t\t<div class=\"elementor-widget-container\">\n\t\t\t\t\t\t\t\t\t\t\t\t\t\t\t<img decoding=\"async\" src=\"https:\/\/www.phuket-thai-massage.com\/wp-content\/uploads\/elementor\/thumbs\/IMG_8876-r0x0pzsr4m585gxgl0tyhflnythv9t9sqhdh97wayk.jpg\" title=\"massage choix\" alt=\"Massage au Choix\" loading=\"lazy\" \/>\t\t\t\t\t\t\t\t\t\t\t\t\t\t\t<\/div>\n\t\t\t\t<\/div>\n\t\t\t\t\t<\/div>\n\t\t\t\t<\/div>\n\t\t<div class=\"elementor-element elementor-element-11b2da3c e-flex e-con-boxed e-con e-parent\" data-id=\"11b2da3c\" data-element_type=\"container\">\n\t\t\t\t\t<div class=\"e-con-inner\">\n\t\t\t\t<div class=\"elementor-element elementor-element-442b8713 elementor-widget-divider--view-line elementor-widget elementor-widget-divider\" data-id=\"442b8713\" data-element_type=\"widget\" data-widget_type=\"divider.default\">\n\t\t\t\t<div class=\"elementor-widget-container\">\n\t\t\t\t\t\t\t<div class=\"elementor-divider\">\n\t\t\t<span class=\"elementor-divider-separator\">\n\t\t\t\t\t\t<\/span>\n\t\t<\/div>\n\t\t\t\t\t\t<\/div>\n\t\t\t\t<\/div>\n\t\t\t\t<div class=\"elementor-element elementor-element-4fec6ee2 elementor-widget elementor-widget-heading\" data-id=\"4fec6ee2\" data-element_type=\"widget\" data-widget_type=\"heading.default\">\n\t\t\t\t<div class=\"elementor-widget-container\">\n\t\t\t\t\t<h2 class=\"elementor-heading-title elementor-size-default\">Massage Au Choix<\/h2>\t\t\t\t<\/div>\n\t\t\t\t<\/div>\n\t\t\t\t\t<\/div>\n\t\t\t\t<\/div>\n\t\t<div class=\"elementor-element elementor-element-5ecd8756 e-flex e-con-boxed e-con e-parent\" data-id=\"5ecd8756\" data-element_type=\"container\">\n\t\t\t\t\t<div class=\"e-con-inner\">\n\t\t\t\t<div class=\"elementor-element elementor-element-55aa959e elementor-widget elementor-widget-text-editor\" data-id=\"55aa959e\" data-element_type=\"widget\" data-widget_type=\"text-editor.default\">\n\t\t\t\t<div class=\"elementor-widget-container\">\n\t\t\t\t\t\t\t\t\t<p>Choisissez entre 1,2 ou 3 zones parmi la t\u00eate, le dos, les mains ou les pieds. Un massage \u00e0 l\u2019huile cibl\u00e9 de 30 minutes par zones.<\/p>\t\t\t\t\t\t\t\t<\/div>\n\t\t\t\t<\/div>\n\t\t\t\t\t<\/div>\n\t\t\t\t<\/div>\n\t\t<div class=\"elementor-element elementor-element-259e60e6 e-grid e-con-boxed e-con e-parent\" data-id=\"259e60e6\" data-element_type=\"container\">\n\t\t\t\t\t<div class=\"e-con-inner\">\n\t\t\t\t<div class=\"elementor-element elementor-element-197b7673 elementor-widget elementor-widget-heading\" data-id=\"197b7673\" data-element_type=\"widget\" data-widget_type=\"heading.default\">\n\t\t\t\t<div class=\"elementor-widget-container\">\n\t\t\t\t\t<h2 class=\"elementor-heading-title elementor-size-default\">Solo :<\/h2>\t\t\t\t<\/div>\n\t\t\t\t<\/div>\n\t\t\t\t<div class=\"elementor-element elementor-element-4a5fb536 elementor-widget elementor-widget-text-editor\" data-id=\"4a5fb536\" data-element_type=\"widget\" data-widget_type=\"text-editor.default\">\n\t\t\t\t<div class=\"elementor-widget-container\">\n\t\t\t\t\t\t\t\t\t<div dir=\"auto\"><div dir=\"auto\">30 minutes, 1 zone : 35\u20ac\u00a0<\/div><div dir=\"auto\">60 minutes, 2 zones : 65 \u20ac\u00a0<\/div><div dir=\"auto\">90 minutes, 3 zones : 90\u20ac\u00a0<\/div><\/div>\t\t\t\t\t\t\t\t<\/div>\n\t\t\t\t<\/div>\n\t\t\t\t\t<\/div>\n\t\t\t\t<\/div>\n\t\t<div class=\"elementor-element elementor-element-6c75af7c e-flex e-con-boxed e-con e-parent\" data-id=\"6c75af7c\" data-element_type=\"container\">\n\t\t\t\t\t<div class=\"e-con-inner\">\n\t\t\t\t<div class=\"elementor-element elementor-element-10c7184f elementor-widget elementor-widget-text-editor\" data-id=\"10c7184f\" data-element_type=\"widget\" data-widget_type=\"text-editor.default\">\n\t\t\t\t<div class=\"elementor-widget-container\">\n\t\t\t\t\t\t\t\t\t<h3 class=\"p1\" style=\"font-family: var(--global-heading-font-family); color: #ffffff;\">R\u00e9servez par t\u00e9l\u00e9phone ou en ligne sur&nbsp;<a style=\"transition-property: all;\" href=\"https:\/\/www.planity.com\/phuket-thai-massage-69006-lyon\" target=\"_blank\" rel=\"noopener\">PLANITY<\/a><\/h3>\t\t\t\t\t\t\t\t<\/div>\n\t\t\t\t<\/div>\n\t\t\t\t\t<\/div>\n\t\t\t\t<\/div>\n\t\t<div class=\"elementor-element elementor-element-7660f86 e-flex e-con-boxed e-con e-parent\" data-id=\"7660f86\" data-element_type=\"container\">\n\t\t\t\t\t<div class=\"e-con-inner\">\n\t\t\t\t<div class=\"elementor-element elementor-element-379fb10 elementor-widget-divider--view-line elementor-widget elementor-widget-divider\" data-id=\"379fb10\" data-element_type=\"widget\" data-widget_type=\"divider.default\">\n\t\t\t\t<div class=\"elementor-widget-container\">\n\t\t\t\t\t\t\t<div class=\"elementor-divider\">\n\t\t\t<span class=\"elementor-divider-separator\">\n\t\t\t\t\t\t<\/span>\n\t\t<\/div>\n\t\t\t\t\t\t<\/div>\n\t\t\t\t<\/div>\n\t\t\t\t\t<\/div>\n\t\t\t\t<\/div>\n\t\t\t\t<\/div>\n\t\t","protected":false},"excerpt":{"rendered":"<p>Massage Au Choix Choisissez entre 1,2 ou 3 zones parmi la t\u00eate, le dos, les mains ou les pieds. Un massage \u00e0 l\u2019huile cibl\u00e9 de 30 minutes par zones. Solo : 30 minutes, 1 zone : 35\u20ac\u00a060 minutes, 2 zones : 65 \u20ac\u00a090 minutes, 3 zones : 90\u20ac\u00a0 R\u00e9servez par t\u00e9l\u00e9phone ou en ligne sur&nbsp;PLANITY<\/p>\n","protected":false},"author":1,"featured_media":0,"parent":0,"menu_order":0,"comment_status":"closed","ping_status":"closed","template":"","meta":{"_bst_post_transparent":"","_bst_post_title":"hide","_bst_post_layout":"fullwidth","_bst_post_sidebar_id":"","_bst_post_content_style":"unboxed","_bst_post_vertical_padding":"hide","_bst_post_feature":"hide","_bst_post_feature_position":"","_bst_post_header":false,"_bst_post_footer":false,"footnotes":""},"class_list":["post-951","page","type-page","status-publish","hentry"],"_links":{"self":[{"href":"https:\/\/www.phuket-thai-massage.com\/index.php?rest_route=\/wp\/v2\/pages\/951","targetHints":{"allow":["GET"]}}],"collection":[{"href":"https:\/\/www.phuket-thai-massage.com\/index.php?rest_route=\/wp\/v2\/pages"}],"about":[{"href":"https:\/\/www.phuket-thai-massage.com\/index.php?rest_route=\/wp\/v2\/types\/page"}],"author":[{"embeddable":true,"href":"https:\/\/www.phuket-thai-massage.com\/index.php?rest_route=\/wp\/v2\/users\/1"}],"replies":[{"embeddable":true,"href":"https:\/\/www.phuket-thai-massage.com\/index.php?rest_route=%2Fwp%2Fv2%2Fcomments&post=951"}],"version-history":[{"count":13,"href":"https:\/\/www.phuket-thai-massage.com\/index.php?rest_route=\/wp\/v2\/pages\/951\/revisions"}],"predecessor-version":[{"id":1170,"href":"https:\/\/www.phuket-thai-massage.com\/index.php?rest_route=\/wp\/v2\/pages\/951\/revisions\/1170"}],"wp:attachment":[{"href":"https:\/\/www.phuket-thai-massage.com\/index.php?rest_route=%2Fwp%2Fv2%2Fmedia&parent=951"}],"curies":[{"name":"wp","href":"https:\/\/api.w.org\/{rel}","templated":true}]}}